{"id":1448,"date":"2025-06-28T18:59:56","date_gmt":"2025-06-28T18:59:56","guid":{"rendered":"https:\/\/liveandlearnczech.cz\/home-2\/"},"modified":"2025-11-11T11:06:46","modified_gmt":"2025-11-11T11:06:46","slug":"kdo-jsme","status":"publish","type":"page","link":"https:\/\/liveandlearnczech.cz\/en\/","title":{"rendered":"Who we are and what we can do"},"content":{"rendered":"<div data-elementor-type=\"wp-page\" data-elementor-id=\"1448\" class=\"elementor elementor-1448\">\n\t\t\t\t<div class=\"elementor-element elementor-element-9783628 e-flex e-con-boxed e-con e-parent\" data-id=\"9783628\" data-element_type=\"container\" data-settings=\"{&quot;background_background&quot;:&quot;classic&quot;}\">\n\t\t\t\t\t<div class=\"e-con-inner\">\n\t\t<div class=\"elementor-element elementor-element-05ba369 e-con-full e-flex e-con e-child\" data-id=\"05ba369\" data-element_type=\"container\">\n\t\t\t\t<div class=\"elementor-element elementor-element-5117318 elementor-widget elementor-widget-spacer\" data-id=\"5117318\" data-element_type=\"widget\" data-widget_type=\"spacer.default\">\n\t\t\t\t<div class=\"elementor-widget-container\">\n\t\t\t\t\t\t\t<div class=\"elementor-spacer\">\n\t\t\t<div class=\"elementor-spacer-inner\"><\/div>\n\t\t<\/div>\n\t\t\t\t\t\t<\/div>\n\t\t\t\t<\/div>\n\t\t\t\t<div class=\"elementor-element elementor-element-936a3d8 elementor-widget elementor-widget-heading\" data-id=\"936a3d8\" data-element_type=\"widget\" data-widget_type=\"heading.default\">\n\t\t\t\t<div class=\"elementor-widget-container\">\n\t\t\t\t\t<h1 class=\"elementor-heading-title elementor-size-default\">Live and Learn Czech<\/h1>\t\t\t\t<\/div>\n\t\t\t\t<\/div>\n\t\t\t\t<div class=\"elementor-element elementor-element-c861921 elementor-widget elementor-widget-heading\" data-id=\"c861921\" data-element_type=\"widget\" data-widget_type=\"heading.default\">\n\t\t\t\t<div class=\"elementor-widget-container\">\n\t\t\t\t\t<h2 class=\"elementor-heading-title elementor-size-default\">We teach people Czech and help them live in Czechia.<\/h2>\t\t\t\t<\/div>\n\t\t\t\t<\/div>\n\t\t\t\t<\/div>\n\t\t\t\t\t<\/div>\n\t\t\t\t<\/div>\n\t\t<div class=\"elementor-element elementor-element-3a530e4 e-flex e-con-boxed e-con e-parent\" data-id=\"3a530e4\" data-element_type=\"container\">\n\t\t\t\t\t<div class=\"e-con-inner\">\n\t\t\t\t<div class=\"elementor-element elementor-element-442be58 elementor-widget elementor-widget-heading\" data-id=\"442be58\" data-element_type=\"widget\" data-widget_type=\"heading.default\">\n\t\t\t\t<div class=\"elementor-widget-container\">\n\t\t\t\t\t<h2 class=\"elementor-heading-title elementor-size-default\">The Concept of Live and Learn Czech<\/h2>\t\t\t\t<\/div>\n\t\t\t\t<\/div>\n\t\t<div class=\"elementor-element elementor-element-b7c1afc e-con-full e-flex e-con e-child\" data-id=\"b7c1afc\" data-element_type=\"container\">\n\t\t\t\t<div class=\"elementor-element elementor-element-92532a5 elementor-widget elementor-widget-text-editor\" data-id=\"92532a5\" data-element_type=\"widget\" data-widget_type=\"text-editor.default\">\n\t\t\t\t<div class=\"elementor-widget-container\">\n\t\t\t\t\t\t\t\t\t<h2>Learn Czech<\/h2><h4 class=\"translation-block\">We lead lessons <strong>online<\/strong>, so you can join from wherever you might be. All you need is a computer and a good internet connection. The lessons are designed <strong>according to your needs and wishes<\/strong> \u2013 do you only need to know how to order a beer or buy a ticket for the train? Do you need Czech for some small talk in the company kitchen or maybe you need to <strong>understand your mother-in-law<\/strong>? Or would you like to prepare for the <strong>permanent residency<\/strong> or <strong>citizenship tests<\/strong>?\nTogether we can do it all!<\/h4><p>\u00a0<\/p><p>We teach both with and without textbooks, but no matter your preference all materials are prepared for you in an online environment that you have access to even between lessons. We also ensure that homework and self-study prepared for you is interesting and enjoyable, so that you can practise what you need. We have the thing just for you - Online Language Tutoring.<\/p><p>Do you prefer studying on your own? We have the thing just for you - Online language tutoring.<\/p>\t\t\t\t\t\t\t\t<\/div>\n\t\t\t\t<\/div>\n\t\t<div class=\"elementor-element elementor-element-1b7f17c e-con-full e-flex e-con e-child\" data-id=\"1b7f17c\" data-element_type=\"container\">\n\t\t\t\t<div class=\"elementor-element elementor-element-2bec103 elementor-widget elementor-widget-text-editor\" data-id=\"2bec103\" data-element_type=\"widget\" data-widget_type=\"text-editor.default\">\n\t\t\t\t<div class=\"elementor-widget-container\">\n\t\t\t\t\t\t\t\t\t<h2>Live Czech<\/h2><h4 class=\"translation-block\">We will <strong>learn about the Czech Republic together in Czech<\/strong>, find new places and use the language there. Think going to Kutn\u00e1 Hora and learning to <strong>talk about wine<\/strong> or visiting K\u0159ivokl\u00e1t and <strong>talking about the architecture<\/strong>. This could be combined with a visit to the forest information centre below the castle and learn language around animals and connected idioms. Think going on <strong>a tour prepared just for us<\/strong> around Horovice Manor or taking a pleasant walk from Prague to \u00dan\u011btice brewery and <strong>practising our pub Czech<\/strong>.<\/h4><p class=\"translation-block\">We're planning to <strong>\"live Czech\"<\/strong> on trips and excursions. We will <strong>learn about the Czech Republic in Czech<\/strong> together, find new places and speak and listen to Czech there. We will go to Kutn\u00e1 Hora and learn to <strong>talk about wine<\/strong>. We will visit K\u0159ivokl\u00e1t and <strong>talk about architecture<\/strong>. We will visit the forest information centre under the castle and review animals and idioms about them. At Ho\u0159ovice Manor we will go on <strong>a tour prepared especially for us<\/strong>. We will walk from Prague to the brewery in \u00dan\u011btice and <strong>practice our pub Czech<\/strong>.<\/p>\t\t\t\t\t\t\t\t<\/div>\n\t\t\t\t<\/div>\n\t\t\t\t<\/div>\n\t\t\t\t<\/div>\n\t\t\t\t\t<\/div>\n\t\t\t\t<\/div>\n\t\t<div class=\"elementor-element elementor-element-db5e473 e-flex e-con-boxed e-con e-parent\" data-id=\"db5e473\" data-element_type=\"container\">\n\t\t\t\t\t<div class=\"e-con-inner\">\n\t\t\t\t<div class=\"elementor-element elementor-element-ceb687d elementor-widget elementor-widget-heading\" data-id=\"ceb687d\" data-element_type=\"widget\" data-widget_type=\"heading.default\">\n\t\t\t\t<div class=\"elementor-widget-container\">\n\t\t\t\t\t<h2 class=\"elementor-heading-title elementor-size-default\">Katka Ba\u0159tip\u00e1nov\u00e1<\/h2>\t\t\t\t<\/div>\n\t\t\t\t<\/div>\n\t\t\t\t\t<\/div>\n\t\t\t\t<\/div>\n\t\t<div class=\"elementor-element elementor-element-4adb9f6 e-flex e-con-boxed e-con e-parent\" data-id=\"4adb9f6\" data-element_type=\"container\">\n\t\t\t\t\t<div class=\"e-con-inner\">\n\t\t<div class=\"elementor-element elementor-element-2dddd80 e-con-full e-flex e-con e-child\" data-id=\"2dddd80\" data-element_type=\"container\">\n\t\t\t\t<div class=\"elementor-element elementor-element-0f19434 elementor-widget elementor-widget-text-editor\" data-id=\"0f19434\" data-element_type=\"widget\" data-widget_type=\"text-editor.default\">\n\t\t\t\t<div class=\"elementor-widget-container\">\n\t\t\t\t\t\t\t\t\t<p class=\"translation-block\">Ever since I was a child, I've always been <strong>excited<\/strong> to meet people from foreign countries. It was always a shame that I wasn't able to have a good conversation with them however, since I didn't speak English all that well. My English has improved since then, but I decided to <strong>help foreigners<\/strong> in the Czech Republic who want to speak our language. <strong>I've been teaching Czech since 2016<\/strong> and in that time I've helped dozens of students to become fluent in the language, even helping some of them to pass certified exams. I worked for 6 years in a large language school where <strong>I not only taught Czech<\/strong>, but I also <strong>led methodology training for teachers<\/strong> and <strong>prepared materials<\/strong>.<br>\nI speak English and in recent years I have fallen in love with Italian, which I am gradually improving.<\/p>\t\t\t\t\t\t\t\t<\/div>\n\t\t\t\t<\/div>\n\t\t\t\t<\/div>\n\t\t<div class=\"elementor-element elementor-element-f3534b2 e-con-full e-flex e-con e-child\" data-id=\"f3534b2\" data-element_type=\"container\">\n\t\t\t\t<div class=\"elementor-element elementor-element-6d8918a elementor-widget elementor-widget-image\" data-id=\"6d8918a\" data-element_type=\"widget\" data-widget_type=\"image.default\">\n\t\t\t\t<div class=\"elementor-widget-container\">\n\t\t\t\t\t\t\t\t\t\t\t\t\t\t\t<img fetchpriority=\"high\" decoding=\"async\" width=\"731\" height=\"1024\" src=\"https:\/\/liveandlearnczech.cz\/wp-content\/uploads\/2025\/06\/Katka1-731x1024.webp\" class=\"attachment-large size-large wp-image-1816\" alt=\"\" srcset=\"https:\/\/liveandlearnczech.cz\/wp-content\/uploads\/2025\/06\/Katka1-731x1024.webp 731w, https:\/\/liveandlearnczech.cz\/wp-content\/uploads\/2025\/06\/Katka1-214x300.webp 214w, https:\/\/liveandlearnczech.cz\/wp-content\/uploads\/2025\/06\/Katka1-768x1076.webp 768w, https:\/\/liveandlearnczech.cz\/wp-content\/uploads\/2025\/06\/Katka1-1097x1536.webp 1097w, https:\/\/liveandlearnczech.cz\/wp-content\/uploads\/2025\/06\/Katka1.webp 1371w\" sizes=\"(max-width: 731px) 100vw, 731px\" \/>\t\t\t\t\t\t\t\t\t\t\t\t\t\t\t<\/div>\n\t\t\t\t<\/div>\n\t\t\t\t<\/div>\n\t\t\t\t\t<\/div>\n\t\t\t\t<\/div>\n\t\t<div class=\"elementor-element elementor-element-f1fdc41 e-flex e-con-boxed e-con e-parent\" data-id=\"f1fdc41\" data-element_type=\"container\">\n\t\t\t\t\t<div class=\"e-con-inner\">\n\t\t\t\t<div class=\"elementor-element elementor-element-cc4bea7 elementor-widget elementor-widget-heading\" data-id=\"cc4bea7\" data-element_type=\"widget\" data-widget_type=\"heading.default\">\n\t\t\t\t<div class=\"elementor-widget-container\">\n\t\t\t\t\t<h2 class=\"elementor-heading-title elementor-size-default\">Monika Jowettov\u00e1<\/h2>\t\t\t\t<\/div>\n\t\t\t\t<\/div>\n\t\t\t\t\t<\/div>\n\t\t\t\t<\/div>\n\t\t<div class=\"elementor-element elementor-element-67b364b e-grid e-con-boxed e-con e-parent\" data-id=\"67b364b\" data-element_type=\"container\">\n\t\t\t\t\t<div class=\"e-con-inner\">\n\t\t\t\t<div class=\"elementor-element elementor-element-31990d4 elementor-widget elementor-widget-image\" data-id=\"31990d4\" data-element_type=\"widget\" data-widget_type=\"image.default\">\n\t\t\t\t<div class=\"elementor-widget-container\">\n\t\t\t\t\t\t\t\t\t\t\t\t\t\t\t<img decoding=\"async\" width=\"731\" height=\"1024\" src=\"https:\/\/liveandlearnczech.cz\/wp-content\/uploads\/2025\/06\/Monika1-731x1024.webp\" class=\"attachment-large size-large wp-image-1817\" alt=\"\" srcset=\"https:\/\/liveandlearnczech.cz\/wp-content\/uploads\/2025\/06\/Monika1-731x1024.webp 731w, https:\/\/liveandlearnczech.cz\/wp-content\/uploads\/2025\/06\/Monika1-214x300.webp 214w, https:\/\/liveandlearnczech.cz\/wp-content\/uploads\/2025\/06\/Monika1-768x1076.webp 768w, https:\/\/liveandlearnczech.cz\/wp-content\/uploads\/2025\/06\/Monika1-1097x1536.webp 1097w, https:\/\/liveandlearnczech.cz\/wp-content\/uploads\/2025\/06\/Monika1.webp 1371w\" sizes=\"(max-width: 731px) 100vw, 731px\" \/>\t\t\t\t\t\t\t\t\t\t\t\t\t\t\t<\/div>\n\t\t\t\t<\/div>\n\t\t\t\t<div class=\"elementor-element elementor-element-a92d350 elementor-widget elementor-widget-text-editor\" data-id=\"a92d350\" data-element_type=\"widget\" data-widget_type=\"text-editor.default\">\n\t\t\t\t<div class=\"elementor-widget-container\">\n\t\t\t\t\t\t\t\t\t<p class=\"translation-block\">How people communicate has always fascinated me, and so I help people to better communicate with each other. I love teaching beginners - I'll happily show you how <strong>logical and beautiful a language Czech can be<\/strong>! There's no need to wait - <strong>you'll be talking in Czech from the very first lesson<\/strong>.<br>\nI've also been teaching Czech since 2016 and I've taught hundreds of lessons to dozens and dozens of satisfied students. I worked as a <strong>teacher trainer<\/strong> in a large language school for three years, taking care of a team of teachers as well as designing and <strong>leading training sessions<\/strong>. In 2019, Katka and I gave a talk together at a conference hosted by the Association of Language Schools on approaches to teaching.<br>\nI speak English and Spanish, but I have experience teaching students coming from a variety of language backgrounds.<\/p>\t\t\t\t\t\t\t\t<\/div>\n\t\t\t\t<\/div>\n\t\t\t\t\t<\/div>\n\t\t\t\t<\/div>\n\t\t\t\t<\/div>","protected":false},"excerpt":{"rendered":"<p>Live and learn czech U\u010d\u00edme cizince \u010desky a pom\u00e1h\u00e1me jim \u017e\u00edt v \u010cesku. Koncept Live and Learn Czech Learn Czech Vedeme lekce online, tak\u017ee se m\u016f\u017eete p\u0159ipojit odkudkoli. Sta\u010d\u00ed v\u00e1m notebook a spolehliv\u00fd internet. Kurz sestav\u00edme podle va\u0161eho p\u0159\u00e1n\u00ed \u2013 pot\u0159ebujete si jen koupit pivo a l\u00edstek na vlak? Chcete m\u00edt small talk ve firemn\u00ed [&hellip;]<\/p>\n","protected":false},"author":1,"featured_media":0,"parent":0,"menu_order":0,"comment_status":"closed","ping_status":"closed","template":"","meta":{"site-sidebar-layout":"no-sidebar","site-content-layout":"page-builder","ast-site-content-layout":"full-width-container","site-content-style":"unboxed","site-sidebar-style":"unboxed","ast-global-header-display":"","ast-banner-title-visibility":"","ast-main-header-display":"","ast-hfb-above-header-display":"","ast-hfb-below-header-display":"","ast-hfb-mobile-header-display":"","site-post-title":"disabled","ast-breadcrumbs-content":"","ast-featured-img":"disabled","footer-sml-layout":"","theme-transparent-header-meta":"disabled","adv-header-id-meta":"","stick-header-meta":"","header-above-stick-meta":"","header-main-stick-meta":"","header-below-stick-meta":"","astra-migrate-meta-layouts":"set","ast-page-background-enabled":"default","ast-page-background-meta":{"desktop":{"background-color":"var(--ast-global-color-4)","background-image":"","background-repeat":"repeat","background-position":"center center","background-size":"auto","background-attachment":"scroll","background-type":"","background-media":"","overlay-type":"","overlay-color":"","overlay-opacity":"","overlay-gradient":""},"tablet":{"background-color":"","background-image":"","background-repeat":"repeat","background-position":"center center","background-size":"auto","background-attachment":"scroll","background-type":"","background-media":"","overlay-type":"","overlay-color":"","overlay-opacity":"","overlay-gradient":""},"mobile":{"background-color":"","background-image":"","background-repeat":"repeat","background-position":"center center","background-size":"auto","background-attachment":"scroll","background-type":"","background-media":"","overlay-type":"","overlay-color":"","overlay-opacity":"","overlay-gradient":""}},"ast-content-background-meta":{"desktop":{"background-color":"var(--ast-global-color-5)","background-image":"","background-repeat":"repeat","background-position":"center center","background-size":"auto","background-attachment":"scroll","background-type":"","background-media":"","overlay-type":"","overlay-color":"","overlay-opacity":"","overlay-gradient":""},"tablet":{"background-color":"var(--ast-global-color-5)","background-image":"","background-repeat":"repeat","background-position":"center center","background-size":"auto","background-attachment":"scroll","background-type":"","background-media":"","overlay-type":"","overlay-color":"","overlay-opacity":"","overlay-gradient":""},"mobile":{"background-color":"var(--ast-global-color-5)","background-image":"","background-repeat":"repeat","background-position":"center center","background-size":"auto","background-attachment":"scroll","background-type":"","background-media":"","overlay-type":"","overlay-color":"","overlay-opacity":"","overlay-gradient":""}},"footnotes":""},"class_list":["post-1448","page","type-page","status-publish","hentry"],"_links":{"self":[{"href":"https:\/\/liveandlearnczech.cz\/en\/wp-json\/wp\/v2\/pages\/1448","targetHints":{"allow":["GET"]}}],"collection":[{"href":"https:\/\/liveandlearnczech.cz\/en\/wp-json\/wp\/v2\/pages"}],"about":[{"href":"https:\/\/liveandlearnczech.cz\/en\/wp-json\/wp\/v2\/types\/page"}],"author":[{"embeddable":true,"href":"https:\/\/liveandlearnczech.cz\/en\/wp-json\/wp\/v2\/users\/1"}],"replies":[{"embeddable":true,"href":"https:\/\/liveandlearnczech.cz\/en\/wp-json\/wp\/v2\/comments?post=1448"}],"version-history":[{"count":40,"href":"https:\/\/liveandlearnczech.cz\/en\/wp-json\/wp\/v2\/pages\/1448\/revisions"}],"predecessor-version":[{"id":2017,"href":"https:\/\/liveandlearnczech.cz\/en\/wp-json\/wp\/v2\/pages\/1448\/revisions\/2017"}],"wp:attachment":[{"href":"https:\/\/liveandlearnczech.cz\/en\/wp-json\/wp\/v2\/media?parent=1448"}],"curies":[{"name":"wp","href":"https:\/\/api.w.org\/{rel}","templated":true}]}}