{"id":1956,"date":"2025-06-29T20:10:35","date_gmt":"2025-06-29T20:10:35","guid":{"rendered":"https:\/\/liveandlearnczech.cz\/?page_id=1956"},"modified":"2026-04-17T19:24:29","modified_gmt":"2026-04-17T19:24:29","slug":"kontakt","status":"publish","type":"page","link":"https:\/\/liveandlearnczech.cz\/en\/kontakt\/","title":{"rendered":"Contact"},"content":{"rendered":"\t\t<div data-elementor-type=\"wp-page\" data-elementor-id=\"1956\" class=\"elementor elementor-1956\">\n\t\t\t\t<div class=\"elementor-element elementor-element-e2bd29a e-flex e-con-boxed e-con e-parent\" data-id=\"e2bd29a\" data-element_type=\"container\">\n\t\t\t\t\t<div class=\"e-con-inner\">\n\t\t<div class=\"elementor-element elementor-element-ef3ac6d e-con-full e-flex e-con e-child\" data-id=\"ef3ac6d\" data-element_type=\"container\">\n\t\t\t\t<div class=\"elementor-element elementor-element-63e6805 elementor-widget elementor-widget-image\" data-id=\"63e6805\" data-element_type=\"widget\" data-widget_type=\"image.default\">\n\t\t\t\t<div class=\"elementor-widget-container\">\n\t\t\t\t\t\t\t\t\t\t\t\t\t\t\t<img fetchpriority=\"high\" decoding=\"async\" width=\"1024\" height=\"683\" src=\"https:\/\/liveandlearnczech.cz\/wp-content\/uploads\/2025\/06\/CafeTogether1-2-1-1024x683.webp\" class=\"attachment-large size-large wp-image-1960\" alt=\"\" srcset=\"https:\/\/liveandlearnczech.cz\/wp-content\/uploads\/2025\/06\/CafeTogether1-2-1-1024x683.webp 1024w, https:\/\/liveandlearnczech.cz\/wp-content\/uploads\/2025\/06\/CafeTogether1-2-1-300x200.webp 300w, https:\/\/liveandlearnczech.cz\/wp-content\/uploads\/2025\/06\/CafeTogether1-2-1-768x512.webp 768w, https:\/\/liveandlearnczech.cz\/wp-content\/uploads\/2025\/06\/CafeTogether1-2-1-1536x1024.webp 1536w, https:\/\/liveandlearnczech.cz\/wp-content\/uploads\/2025\/06\/CafeTogether1-2-1.webp 1920w\" sizes=\"(max-width: 1024px) 100vw, 1024px\" \/>\t\t\t\t\t\t\t\t\t\t\t\t\t\t\t<\/div>\n\t\t\t\t<\/div>\n\t\t\t\t<\/div>\n\t\t<div class=\"elementor-element elementor-element-605004d e-con-full e-flex e-con e-child\" data-id=\"605004d\" data-element_type=\"container\">\n\t\t\t\t<\/div>\n\t\t\t\t\t<\/div>\n\t\t\t\t<\/div>\n\t\t<div class=\"elementor-element elementor-element-e0d6a6e e-flex e-con-boxed e-con e-parent\" data-id=\"e0d6a6e\" data-element_type=\"container\">\n\t\t\t\t\t<div class=\"e-con-inner\">\n\t\t\t\t<div class=\"elementor-element elementor-element-b83c19d elementor-widget elementor-widget-wpforms\" data-id=\"b83c19d\" data-element_type=\"widget\" id=\"kontakt\" data-widget_type=\"wpforms.default\">\n\t\t\t\t<div class=\"elementor-widget-container\">\n\t\t\t\t\t<div class=\"wpforms-container \" id=\"wpforms-79\"><form id=\"wpforms-form-79\" class=\"wpforms-validate wpforms-form\" data-formid=\"79\" method=\"post\" enctype=\"multipart\/form-data\" action=\"\/en\/wp-json\/wp\/v2\/pages\/1956\" data-token=\"bfe4da36febbe4b89e7aa9da4a2dd1c7\" data-token-time=\"1777545593\"><noscript class=\"wpforms-error-noscript\">Please enable JavaScript in your browser to complete this form.<\/noscript><div class=\"wpforms-field-container\"><div id=\"wpforms-79-field_0-container\" class=\"wpforms-field wpforms-field-name\" data-field-id=\"0\"><label class=\"wpforms-field-label wpforms-label-hide\" for=\"wpforms-79-field_0\">Jm\u00e9no a p\u0159\u00edjmen\u00ed <span class=\"wpforms-required-label\">*<\/span><\/label><input type=\"text\" id=\"wpforms-79-field_0\" class=\"wpforms-field-large wpforms-field-required\" name=\"wpforms[fields][0]\" placeholder=\"Jm\u00e9no a p\u0159\u00edjmen\u00ed\" required><\/div><div id=\"wpforms-79-field_1-container\" class=\"wpforms-field wpforms-field-email\" data-field-id=\"1\"><label class=\"wpforms-field-label wpforms-label-hide\" for=\"wpforms-79-field_1\">E-mail <span class=\"wpforms-required-label\">*<\/span><\/label><input type=\"email\" id=\"wpforms-79-field_1\" class=\"wpforms-field-large wpforms-field-required\" name=\"wpforms[fields][1]\" placeholder=\"E-mail \" spellcheck=\"false\" required><\/div><div id=\"wpforms-79-field_5-container\" class=\"wpforms-field wpforms-field-radio\" data-field-id=\"5\"><label class=\"wpforms-field-label\">Jak dob\u0159e um\u00edm \u010desky<\/label><ul id=\"wpforms-79-field_5\"><li class=\"choice-1 depth-1\"><input type=\"radio\" id=\"wpforms-79-field_5_1\" name=\"wpforms[fields][5]\" value=\"za\u010d\u00e1te\u010dn\u00edk\"  ><label class=\"wpforms-field-label-inline\" for=\"wpforms-79-field_5_1\">za\u010d\u00e1te\u010dn\u00edk<\/label><\/li><li class=\"choice-2 depth-1\"><input type=\"radio\" id=\"wpforms-79-field_5_2\" name=\"wpforms[fields][5]\" value=\"st\u0159edn\u011b pokro\u010dil\u00fd\"  ><label class=\"wpforms-field-label-inline\" for=\"wpforms-79-field_5_2\">st\u0159edn\u011b pokro\u010dil\u00fd<\/label><\/li><li class=\"choice-3 depth-1\"><input type=\"radio\" id=\"wpforms-79-field_5_3\" name=\"wpforms[fields][5]\" value=\"pokro\u010dil\u00fd\"  ><label class=\"wpforms-field-label-inline\" for=\"wpforms-79-field_5_3\">pokro\u010dil\u00fd<\/label><\/li><\/ul><\/div><div id=\"wpforms-79-field_6-container\" class=\"wpforms-field wpforms-field-checkbox\" data-field-id=\"6\"><label class=\"wpforms-field-label\">M\u00e1m z\u00e1jem o<\/label><ul id=\"wpforms-79-field_6\"><li class=\"choice-1 depth-1\"><input type=\"checkbox\" id=\"wpforms-79-field_6_1\" name=\"wpforms[fields][6][]\" value=\"individ\u00e1ln\u00ed kurz\"  ><label class=\"wpforms-field-label-inline\" for=\"wpforms-79-field_6_1\">individ\u00e1ln\u00ed kurz<\/label><\/li><li class=\"choice-2 depth-1\"><input type=\"checkbox\" id=\"wpforms-79-field_6_2\" name=\"wpforms[fields][6][]\" value=\"skupinov\u00fd kurz\"  ><label class=\"wpforms-field-label-inline\" for=\"wpforms-79-field_6_2\">skupinov\u00fd kurz<\/label><\/li><li class=\"choice-3 depth-1\"><input type=\"checkbox\" id=\"wpforms-79-field_6_3\" name=\"wpforms[fields][6][]\" value=\"konverza\u010dn\u00ed klub\"  ><label class=\"wpforms-field-label-inline\" for=\"wpforms-79-field_6_3\">konverza\u010dn\u00ed klub<\/label><\/li><li class=\"choice-4 depth-1\"><input type=\"checkbox\" id=\"wpforms-79-field_6_4\" name=\"wpforms[fields][6][]\" value=\"tutoring\"  ><label class=\"wpforms-field-label-inline\" for=\"wpforms-79-field_6_4\">tutoring<\/label><\/li><\/ul><\/div><div id=\"wpforms-79-field_7-container\" class=\"wpforms-field wpforms-field-radio\" data-field-id=\"7\"><label class=\"wpforms-field-label\">V\u00edm o Live and Learn Czech<\/label><ul id=\"wpforms-79-field_7\"><li class=\"choice-1 depth-1\"><input type=\"radio\" id=\"wpforms-79-field_7_1\" name=\"wpforms[fields][7]\" value=\"od jin\u00e9ho studenta \u010de\u0161tiny\"  ><label class=\"wpforms-field-label-inline\" for=\"wpforms-79-field_7_1\">od jin\u00e9ho studenta \u010de\u0161tiny<\/label><\/li><li class=\"choice-2 depth-1\"><input type=\"radio\" id=\"wpforms-79-field_7_2\" name=\"wpforms[fields][7]\" value=\"od \u010desk\u00e9ho kamar\u00e1da\"  ><label class=\"wpforms-field-label-inline\" for=\"wpforms-79-field_7_2\">od \u010desk\u00e9ho kamar\u00e1da<\/label><\/li><li class=\"choice-3 depth-1\"><input type=\"radio\" id=\"wpforms-79-field_7_3\" name=\"wpforms[fields][7]\" value=\"z Instagramu\"  ><label class=\"wpforms-field-label-inline\" for=\"wpforms-79-field_7_3\">z Instagramu<\/label><\/li><li class=\"choice-4 depth-1\"><input type=\"radio\" id=\"wpforms-79-field_7_4\" name=\"wpforms[fields][7]\" value=\"z webovky\"  ><label class=\"wpforms-field-label-inline\" for=\"wpforms-79-field_7_4\">z webovky<\/label><\/li><li class=\"choice-5 depth-1\"><input type=\"radio\" id=\"wpforms-79-field_7_5\" name=\"wpforms[fields][7]\" value=\"odjinud\"  ><label class=\"wpforms-field-label-inline\" for=\"wpforms-79-field_7_5\">odjinud<\/label><\/li><\/ul><\/div><div id=\"wpforms-79-field_2-container\" class=\"wpforms-field wpforms-field-textarea\" data-field-id=\"2\"><label class=\"wpforms-field-label wpforms-label-hide\" for=\"wpforms-79-field_2\">Your Message <span class=\"wpforms-required-label\">*<\/span><\/label><textarea id=\"wpforms-79-field_2\" class=\"wpforms-field-medium wpforms-field-required\" name=\"wpforms[fields][2]\" placeholder=\"Zpr\u00e1va\" required><\/textarea><\/div><div id=\"wpforms-79-field_9-container\" class=\"wpforms-field wpforms-field-checkbox\" data-field-id=\"9\"><label class=\"wpforms-field-label wpforms-label-hide\">GDPR <span class=\"wpforms-required-label\">*<\/span><\/label><ul id=\"wpforms-79-field_9\" class=\"wpforms-field-required\"><li class=\"choice-1 depth-1\"><input type=\"checkbox\" id=\"wpforms-79-field_9_1\" name=\"wpforms[fields][9][]\" value=\"Souhlas\u00edm se zpracov\u00e1n\u00edm osobn\u00edch \u00fadaj\u016f.\" required ><label class=\"wpforms-field-label-inline\" for=\"wpforms-79-field_9_1\">Souhlas\u00edm se zpracov\u00e1n\u00edm osobn\u00edch \u00fadaj\u016f.<\/label><\/li><\/ul><\/div><\/div><!-- .wpforms-field-container --><div class=\"wpforms-field wpforms-field-hp\"><label for=\"wpforms-79-field-hp\" class=\"wpforms-field-label\">Website<\/label><input type=\"text\" name=\"wpforms[hp]\" id=\"wpforms-79-field-hp\" class=\"wpforms-field-medium\"><\/div><div class=\"wpforms-submit-container\" ><input type=\"hidden\" name=\"wpforms[id]\" value=\"79\"><input type=\"hidden\" name=\"page_title\" value=\"\"><input type=\"hidden\" name=\"page_url\" value=\"https:\/\/liveandlearnczech.cz\/en\/wp-json\/wp\/v2\/pages\/1956\"><input type=\"hidden\" name=\"url_referer\" value=\"\"><button type=\"submit\" name=\"wpforms[submit]\" id=\"wpforms-submit-79\" class=\"wpforms-submit\" data-alt-text=\"Sending...\" data-submit-text=\"ODESLAT\" aria-live=\"assertive\" value=\"wpforms-submit\">ODESLAT<\/button><\/div><\/form><\/div>  <!-- .wpforms-container -->\t\t\t\t<\/div>\n\t\t\t\t<\/div>\n\t\t\t\t\t<\/div>\n\t\t\t\t<\/div>\n\t\t\t\t<\/div>\n\t\t","protected":false},"excerpt":{"rendered":"<p>Please enable JavaScript in your browser to complete this form.Jm\u00e9no a p\u0159\u00edjmen\u00ed *E-mail *Jak dob\u0159e um\u00edm \u010desky za\u010d\u00e1te\u010dn\u00edk st\u0159edn\u011b pokro\u010dil\u00fd pokro\u010dil\u00fd M\u00e1m z\u00e1jem o individ\u00e1ln\u00ed kurz skupinov\u00fd kurz konverza\u010dn\u00ed klub tutoring V\u00edm o Live and Learn Czech od jin\u00e9ho studenta \u010de\u0161tiny od \u010desk\u00e9ho kamar\u00e1da z Instagramu z webovky odjinud Your Message *GDPR * Souhlas\u00edm se [&hellip;]<\/p>\n","protected":false},"author":1,"featured_media":0,"parent":0,"menu_order":0,"comment_status":"closed","ping_status":"closed","template":"","meta":{"site-sidebar-layout":"no-sidebar","site-content-layout":"page-builder","ast-site-content-layout":"full-width-container","site-content-style":"default","site-sidebar-style":"default","ast-global-header-display":"","ast-banner-title-visibility":"","ast-main-header-display":"","ast-hfb-above-header-display":"","ast-hfb-below-header-display":"","ast-hfb-mobile-header-display":"","site-post-title":"disabled","ast-breadcrumbs-content":"","ast-featured-img":"disabled","footer-sml-layout":"","theme-transparent-header-meta":"","adv-header-id-meta":"","stick-header-meta":"","header-above-stick-meta":"","header-main-stick-meta":"","header-below-stick-meta":"","astra-migrate-meta-layouts":"default","ast-page-background-enabled":"default","ast-page-background-meta":{"desktop":{"background-color":"var(--ast-global-color-4)","background-image":"","background-repeat":"repeat","background-position":"center center","background-size":"auto","background-attachment":"scroll","background-type":"","background-media":"","overlay-type":"","overlay-color":"","overlay-opacity":"","overlay-gradient":""},"tablet":{"background-color":"","background-image":"","background-repeat":"repeat","background-position":"center center","background-size":"auto","background-attachment":"scroll","background-type":"","background-media":"","overlay-type":"","overlay-color":"","overlay-opacity":"","overlay-gradient":""},"mobile":{"background-color":"","background-image":"","background-repeat":"repeat","background-position":"center center","background-size":"auto","background-attachment":"scroll","background-type":"","background-media":"","overlay-type":"","overlay-color":"","overlay-opacity":"","overlay-gradient":""}},"ast-content-background-meta":{"desktop":{"background-color":"var(--ast-global-color-5)","background-image":"","background-repeat":"repeat","background-position":"center center","background-size":"auto","background-attachment":"scroll","background-type":"","background-media":"","overlay-type":"","overlay-color":"","overlay-opacity":"","overlay-gradient":""},"tablet":{"background-color":"var(--ast-global-color-5)","background-image":"","background-repeat":"repeat","background-position":"center center","background-size":"auto","background-attachment":"scroll","background-type":"","background-media":"","overlay-type":"","overlay-color":"","overlay-opacity":"","overlay-gradient":""},"mobile":{"background-color":"var(--ast-global-color-5)","background-image":"","background-repeat":"repeat","background-position":"center center","background-size":"auto","background-attachment":"scroll","background-type":"","background-media":"","overlay-type":"","overlay-color":"","overlay-opacity":"","overlay-gradient":""}},"footnotes":""},"class_list":["post-1956","page","type-page","status-publish","hentry"],"_links":{"self":[{"href":"https:\/\/liveandlearnczech.cz\/en\/wp-json\/wp\/v2\/pages\/1956","targetHints":{"allow":["GET"]}}],"collection":[{"href":"https:\/\/liveandlearnczech.cz\/en\/wp-json\/wp\/v2\/pages"}],"about":[{"href":"https:\/\/liveandlearnczech.cz\/en\/wp-json\/wp\/v2\/types\/page"}],"author":[{"embeddable":true,"href":"https:\/\/liveandlearnczech.cz\/en\/wp-json\/wp\/v2\/users\/1"}],"replies":[{"embeddable":true,"href":"https:\/\/liveandlearnczech.cz\/en\/wp-json\/wp\/v2\/comments?post=1956"}],"version-history":[{"count":10,"href":"https:\/\/liveandlearnczech.cz\/en\/wp-json\/wp\/v2\/pages\/1956\/revisions"}],"predecessor-version":[{"id":2290,"href":"https:\/\/liveandlearnczech.cz\/en\/wp-json\/wp\/v2\/pages\/1956\/revisions\/2290"}],"wp:attachment":[{"href":"https:\/\/liveandlearnczech.cz\/en\/wp-json\/wp\/v2\/media?parent=1956"}],"curies":[{"name":"wp","href":"https:\/\/api.w.org\/{rel}","templated":true}]}}