{"id":2020,"date":"2025-07-05T19:05:24","date_gmt":"2025-07-05T19:05:24","guid":{"rendered":"https:\/\/liveandlearnczech.cz\/?page_id=2020"},"modified":"2025-11-19T19:42:13","modified_gmt":"2025-11-19T19:42:13","slug":"podminky-a-gdpr","status":"publish","type":"page","link":"https:\/\/liveandlearnczech.cz\/en\/podminky-a-gdpr\/","title":{"rendered":"Terms and Conditions and Privacy Policy"},"content":{"rendered":"<div data-elementor-type=\"wp-page\" data-elementor-id=\"2020\" class=\"elementor elementor-2020\">\n\t\t\t\t<div class=\"elementor-element elementor-element-a0d4f49 e-flex e-con-boxed e-con e-parent\" data-id=\"a0d4f49\" data-element_type=\"container\">\n\t\t\t\t\t<div class=\"e-con-inner\">\n\t\t\t\t<div class=\"elementor-element elementor-element-3ed920a elementor-widget elementor-widget-heading\" data-id=\"3ed920a\" data-element_type=\"widget\" data-widget_type=\"heading.default\">\n\t\t\t\t<div class=\"elementor-widget-container\">\n\t\t\t\t\t<h2 class=\"elementor-heading-title elementor-size-default\"><h1 style=\"font-size: 3.25rem;margin-bottom: 0px;text-align: center;font-style: normal;position: relative;overflow: hidden;line-height: 1.3;font-weight: 200;, sans-serif\"><span style=\"font-weight: 600\">Terms and Conditions and Privacy Policy<\/span><span style=\"font-family: Raleway, sans-serif;font-size: 40px;font-style: inherit;font-weight: 600;text-align: start\"><\/span><\/h1><\/h2>\t\t\t\t<\/div>\n\t\t\t\t<\/div>\n\t\t\t\t\t<\/div>\n\t\t\t\t<\/div>\n\t\t<div class=\"elementor-element elementor-element-c935047 e-grid e-con-boxed e-con e-parent\" data-id=\"c935047\" data-element_type=\"container\">\n\t\t\t\t\t<div class=\"e-con-inner\">\n\t\t\t\t<div class=\"elementor-element elementor-element-2832998 elementor-widget elementor-widget-text-editor\" data-id=\"2832998\" data-element_type=\"widget\" data-widget_type=\"text-editor.default\">\n\t\t\t\t<div class=\"elementor-widget-container\">\n\t\t\t\t\t\t\t\t\t<h4>1st lesson is free<\/h4><p>After the first lesson, you can decide whether you want to continue the course or not. If the lesson is not to your liking, we will be happy to recommend someone else. But we are sure you will enjoy the lesson!<\/p><p>\u00a0<\/p><h4>Storno podm\u00ednky<\/h4><ul><li>more than 24 hours before the scheduled lesson - 0<\/li><li>less than 24 hours before the lesson - 100% of the price (You will receive materials for self-study.)<\/li><li>Lessons on Monday must be cancelled by 4 pm on Friday<\/li><\/ul><p>We process some of your personal data (name and email address) if you are our client, have been our client in the past, or have expressed interest in our services. We need this data for the following purposes:<\/p><ul><li>the provision of services, the performance of a contract<\/li><li>bookkeeping<\/li><li>marketing - sending newsletters<\/li><\/ul>\t\t\t\t\t\t\t\t<\/div>\n\t\t\t\t<\/div>\n\t\t\t\t<div class=\"elementor-element elementor-element-9171e25 elementor-widget elementor-widget-text-editor\" data-id=\"9171e25\" data-element_type=\"widget\" data-widget_type=\"text-editor.default\">\n\t\t\t\t<div class=\"elementor-widget-container\">\n\t\t\t\t\t\t\t\t\t<p>2. We process personal data for as long as necessary or until the consent to receive marketing communications is withdrawn. Upon request, we will give you in writing information on whether we keep any of your personal data, or delete it upon your request.<\/p><p>\u00a0<\/p><p>3. To provide specific processing operations that we cannot provide on our own, we use the services of processors who thereby have access to some of your data (in particular email addresses). These are:<\/p><p>\u00a0<\/p><ul><li>Google Analytics<\/li><li>Ecomail<\/li><li>Fakturoid<\/li><li>SimpleShop<\/li><\/ul><p>4. Both tutors and course participants acknowledge that any information they obtain about each other during their studies is considered highly confidential and sensitive and will be treated as such.<\/p>\t\t\t\t\t\t\t\t<\/div>\n\t\t\t\t<\/div>\n\t\t\t\t\t<\/div>\n\t\t\t\t<\/div>\n\t\t<div class=\"elementor-element elementor-element-38ec497 e-grid e-con-boxed e-con e-parent\" data-id=\"38ec497\" data-element_type=\"container\">\n\t\t\t\t\t<div class=\"e-con-inner\">\n\t\t\t\t<div class=\"elementor-element elementor-element-02577c1 elementor-widget elementor-widget-text-editor\" data-id=\"02577c1\" data-element_type=\"widget\" data-widget_type=\"text-editor.default\">\n\t\t\t\t<div class=\"elementor-widget-container\">\n\t\t\t\t\t\t\t\t\t<h4>Invoice information:<\/h4><p>Kate\u0159ina Ba\u0159tip\u00e1nov\u00e1<br \/>I\u010cO: 06498001<br \/>Dukelsk\u00fdch hrdin\u016f 2729, Rakovn\u00edk II<\/p><p>Monika Jowett<br \/>I\u010cO: 06372783<br \/>K Avii 171\/4, Praha 9-\u010cakovice<\/p><p>We are not subjected to VAT.<\/p>\t\t\t\t\t\t\t\t<\/div>\n\t\t\t\t<\/div>\n\t\t\t\t<div class=\"elementor-element elementor-element-a40468d elementor-align-center elementor-widget elementor-widget-button\" data-id=\"a40468d\" data-element_type=\"widget\" data-widget_type=\"button.default\">\n\t\t\t\t<div class=\"elementor-widget-container\">\n\t\t\t\t\t\t\t\t\t<div class=\"elementor-button-wrapper\">\n\t\t\t\t\t<a class=\"elementor-button elementor-button-link elementor-size-sm\" href=\"http:\/\/liveandlearnczech.cz\/wp-content\/uploads\/2025\/11\/OBCHODNI-PODMINKY.pdf\" target=\"_blank\">\n\t\t\t\t\t\t<span class=\"elementor-button-content-wrapper\">\n\t\t\t\t\t\t\t\t\t<span class=\"elementor-button-text\">E-shop terms and conditions<\/span>\n\t\t\t\t\t<\/span>\n\t\t\t\t\t<\/a>\n\t\t\t\t<\/div>\n\t\t\t\t\t\t\t\t<\/div>\n\t\t\t\t<\/div>\n\t\t\t\t\t<\/div>\n\t\t\t\t<\/div>\n\t\t\t\t<\/div>","protected":false},"excerpt":{"rendered":"<p>Obchodn\u00ed podm\u00ednky a ochrana osobn\u00edch \u00fadaj\u016f 1. lekce zdarma Po prvn\u00ed lekci se m\u016f\u017eete rozhodnout, zda m\u00e1te z\u00e1jem v kurzu pokra\u010dovat, \u010di nikoli. Pokud lekce nebude podle va\u0161eho gusta, r\u00e1dy v\u00e1m doporu\u010d\u00edme n\u011bkoho jin\u00e9ho. Jsme si ale jist\u00e9, \u017ee v\u00e1s lekce bude bavit! \u00a0 Storno podm\u00ednky v\u00edce ne\u017e 24 hodin p\u0159ed domluvenou lekc\u00ed &#8211; 0 [&hellip;]<\/p>\n","protected":false},"author":1,"featured_media":0,"parent":0,"menu_order":0,"comment_status":"closed","ping_status":"closed","template":"","meta":{"site-sidebar-layout":"no-sidebar","site-content-layout":"page-builder","ast-site-content-layout":"full-width-container","site-content-style":"unboxed","site-sidebar-style":"unboxed","ast-global-header-display":"","ast-banner-title-visibility":"","ast-main-header-display":"","ast-hfb-above-header-display":"","ast-hfb-below-header-display":"","ast-hfb-mobile-header-display":"","site-post-title":"disabled","ast-breadcrumbs-content":"","ast-featured-img":"disabled","footer-sml-layout":"","theme-transparent-header-meta":"","adv-header-id-meta":"","stick-header-meta":"","header-above-stick-meta":"","header-main-stick-meta":"","header-below-stick-meta":"","astra-migrate-meta-layouts":"set","ast-page-background-enabled":"default","ast-page-background-meta":{"desktop":{"background-color":"var(--ast-global-color-4)","background-image":"","background-repeat":"repeat","background-position":"center center","background-size":"auto","background-attachment":"scroll","background-type":"","background-media":"","overlay-type":"","overlay-color":"","overlay-opacity":"","overlay-gradient":""},"tablet":{"background-color":"","background-image":"","background-repeat":"repeat","background-position":"center center","background-size":"auto","background-attachment":"scroll","background-type":"","background-media":"","overlay-type":"","overlay-color":"","overlay-opacity":"","overlay-gradient":""},"mobile":{"background-color":"","background-image":"","background-repeat":"repeat","background-position":"center center","background-size":"auto","background-attachment":"scroll","background-type":"","background-media":"","overlay-type":"","overlay-color":"","overlay-opacity":"","overlay-gradient":""}},"ast-content-background-meta":{"desktop":{"background-color":"var(--ast-global-color-5)","background-image":"","background-repeat":"repeat","background-position":"center center","background-size":"auto","background-attachment":"scroll","background-type":"","background-media":"","overlay-type":"","overlay-color":"","overlay-opacity":"","overlay-gradient":""},"tablet":{"background-color":"var(--ast-global-color-5)","background-image":"","background-repeat":"repeat","background-position":"center center","background-size":"auto","background-attachment":"scroll","background-type":"","background-media":"","overlay-type":"","overlay-color":"","overlay-opacity":"","overlay-gradient":""},"mobile":{"background-color":"var(--ast-global-color-5)","background-image":"","background-repeat":"repeat","background-position":"center center","background-size":"auto","background-attachment":"scroll","background-type":"","background-media":"","overlay-type":"","overlay-color":"","overlay-opacity":"","overlay-gradient":""}},"footnotes":""},"class_list":["post-2020","page","type-page","status-publish","hentry"],"_links":{"self":[{"href":"https:\/\/liveandlearnczech.cz\/en\/wp-json\/wp\/v2\/pages\/2020","targetHints":{"allow":["GET"]}}],"collection":[{"href":"https:\/\/liveandlearnczech.cz\/en\/wp-json\/wp\/v2\/pages"}],"about":[{"href":"https:\/\/liveandlearnczech.cz\/en\/wp-json\/wp\/v2\/types\/page"}],"author":[{"embeddable":true,"href":"https:\/\/liveandlearnczech.cz\/en\/wp-json\/wp\/v2\/users\/1"}],"replies":[{"embeddable":true,"href":"https:\/\/liveandlearnczech.cz\/en\/wp-json\/wp\/v2\/comments?post=2020"}],"version-history":[{"count":29,"href":"https:\/\/liveandlearnczech.cz\/en\/wp-json\/wp\/v2\/pages\/2020\/revisions"}],"predecessor-version":[{"id":2136,"href":"https:\/\/liveandlearnczech.cz\/en\/wp-json\/wp\/v2\/pages\/2020\/revisions\/2136"}],"wp:attachment":[{"href":"https:\/\/liveandlearnczech.cz\/en\/wp-json\/wp\/v2\/media?parent=2020"}],"curies":[{"name":"wp","href":"https:\/\/api.w.org\/{rel}","templated":true}]}}