{"id":2045,"date":"2025-11-11T11:16:20","date_gmt":"2025-11-11T11:16:20","guid":{"rendered":"https:\/\/liveandlearnczech.cz\/?page_id=2045"},"modified":"2025-11-19T19:35:19","modified_gmt":"2025-11-19T19:35:19","slug":"e-shop","status":"publish","type":"page","link":"https:\/\/liveandlearnczech.cz\/en\/e-shop\/","title":{"rendered":"E-shop"},"content":{"rendered":"\t\t<div data-elementor-type=\"wp-page\" data-elementor-id=\"2045\" class=\"elementor elementor-2045\">\n\t\t\t\t<div class=\"elementor-element elementor-element-b468b25 e-flex e-con-boxed e-con e-parent\" data-id=\"b468b25\" data-element_type=\"container\">\n\t\t\t\t\t<div class=\"e-con-inner\">\n\t\t\t\t<div class=\"elementor-element elementor-element-c20944a elementor-widget elementor-widget-text-editor\" data-id=\"c20944a\" data-element_type=\"widget\" data-widget_type=\"text-editor.default\">\n\t\t\t\t<div class=\"elementor-widget-container\">\n\t\t\t\t\t\t\t\t\t<p>U\u010d\u00edte se<strong> \u010de\u0161tinu pro radost<\/strong>? St\u00e1hn\u011bte si na\u0161e <strong>my\u0161lenkov\u00e9 mapy<\/strong>! E-book je <strong>zdarma<\/strong> a m\u016f\u017eete v n\u011bm tr\u00e9novat, jak mluv\u00edme o voln\u00e9m \u010dase.<br \/>U\u010d\u00edte se na <strong>zkou\u0161ku na trval\u00fd pobyt<\/strong>? St\u00e1hn\u011bte si e-book, kter\u00fd v\u00e1m pom\u016f\u017ee p\u0159ipravit se na \u00falohu \u010d\u00edslo 5. Budeme hl\u00e1skovat (spr\u00e1vn\u011b ps\u00e1t) a hledat detaily v audiu.<\/p>\t\t\t\t\t\t\t\t<\/div>\n\t\t\t\t<\/div>\n\t\t\t\t\t<\/div>\n\t\t\t\t<\/div>\n\t\t<div class=\"elementor-element elementor-element-514e9fa e-flex e-con-boxed e-con e-parent\" data-id=\"514e9fa\" data-element_type=\"container\">\n\t\t\t\t\t<div class=\"e-con-inner\">\n\t\t<div class=\"elementor-element elementor-element-8b97194 e-con-full e-flex e-con e-child\" data-id=\"8b97194\" data-element_type=\"container\">\n\t\t\t\t<div class=\"elementor-element elementor-element-a95f9ee elementor-widget elementor-widget-image\" data-id=\"a95f9ee\" data-element_type=\"widget\" data-widget_type=\"image.default\">\n\t\t\t\t<div class=\"elementor-widget-container\">\n\t\t\t\t\t\t\t\t\t\t\t\t\t\t\t<img fetchpriority=\"high\" decoding=\"async\" width=\"192\" height=\"300\" src=\"https:\/\/liveandlearnczech.cz\/wp-content\/uploads\/2025\/11\/LLC-ebook-strana-4-192x300.png\" class=\"attachment-medium size-medium wp-image-2100\" alt=\"\" srcset=\"https:\/\/liveandlearnczech.cz\/wp-content\/uploads\/2025\/11\/LLC-ebook-strana-4-192x300.png 192w, https:\/\/liveandlearnczech.cz\/wp-content\/uploads\/2025\/11\/LLC-ebook-strana-4-8x12.png 8w, https:\/\/liveandlearnczech.cz\/wp-content\/uploads\/2025\/11\/LLC-ebook-strana-4.png 512w\" sizes=\"(max-width: 192px) 100vw, 192px\" \/>\t\t\t\t\t\t\t\t\t\t\t\t\t\t\t<\/div>\n\t\t\t\t<\/div>\n\t\t\t\t<\/div>\n\t\t<div class=\"elementor-element elementor-element-c329a43 e-con-full e-flex e-con e-child\" data-id=\"c329a43\" data-element_type=\"container\">\n\t\t\t\t<div class=\"elementor-element elementor-element-98a87d1 elementor-widget elementor-widget-text-editor\" data-id=\"98a87d1\" data-element_type=\"widget\" data-widget_type=\"text-editor.default\">\n\t\t\t\t<div class=\"elementor-widget-container\">\n\t\t\t\t\t\t\t\t\t<p data-start=\"56\" data-end=\"84\"><strong data-start=\"56\" data-end=\"82\">U\u010dte se \u010de\u0161tinu hrav\u011b &#8211; a zdarma!<\/strong><\/p><p data-start=\"56\" data-end=\"84\">\u00a0<\/p><p data-start=\"86\" data-end=\"326\">St\u00e1hn\u011bte si n\u00e1\u0161 e-book pln\u00fd <strong data-start=\"114\" data-end=\"145\">slovn\u00ed z\u00e1soby o voln\u00e9m \u010dase<\/strong>. Objevte my\u0161lenkov\u00e9 mapy na t\u00e9mata jako proch\u00e1zky, \u010dten\u00ed, pe\u010den\u00ed, plav\u00e1n\u00ed, v\u00fdlety nebo \u010das s kamar\u00e1dy. P\u0159ekl\u00e1dejte obr\u00e1zky, u\u010dte se nov\u00e1 slova a na konci si zkontrolujte odpov\u011bdi.<\/p><p data-start=\"86\" data-end=\"326\">\u00a0<\/p><p data-start=\"328\" data-end=\"400\">Z\u00e1bavn\u011b, p\u0159ehledn\u011b a prakticky \u2013 ide\u00e1ln\u00ed pro ka\u017ed\u00e9ho studenta*ka\u017edou studentku \u010de\u0161tiny!<\/p>\t\t\t\t\t\t\t\t<\/div>\n\t\t\t\t<\/div>\n\t\t\t\t<\/div>\n\t\t\t\t\t<\/div>\n\t\t\t\t<\/div>\n\t\t<div class=\"elementor-element elementor-element-42b2037 e-flex e-con-boxed e-con e-parent\" data-id=\"42b2037\" data-element_type=\"container\">\n\t\t\t\t\t<div class=\"e-con-inner\">\n\t\t<div class=\"elementor-element elementor-element-fd94f09 e-con-full e-flex e-con e-child\" data-id=\"fd94f09\" data-element_type=\"container\">\n\t\t\t\t<div class=\"elementor-element elementor-element-c60f661 elementor-widget elementor-widget-html\" data-id=\"c60f661\" data-element_type=\"widget\" data-widget_type=\"html.default\">\n\t\t\t\t<div class=\"elementor-widget-container\">\n\t\t\t\t\t<a style=\"display: inline-block; cursor: pointer; font-family: Arial, serif; font-size: 24px; font-weight: bold; padding: 10px 30px; text-decoration: none; background-color: rgb(166, 77, 121); border-radius: 6px; color: rgb(255, 255, 255);\" href=\"https:\/\/form.simpleshop.cz\/V54pl\/buy\/\">Chci my\u0161lenkov\u00e9 mapy<\/a>\t\t\t\t<\/div>\n\t\t\t\t<\/div>\n\t\t\t\t<\/div>\n\t\t\t\t\t<\/div>\n\t\t\t\t<\/div>\n\t\t<div class=\"elementor-element elementor-element-23b4b56 e-flex e-con-boxed e-con e-parent\" data-id=\"23b4b56\" data-element_type=\"container\">\n\t\t\t\t\t<div class=\"e-con-inner\">\n\t\t\t\t<div class=\"elementor-element elementor-element-ca1ea70 elementor-widget elementor-widget-heading\" data-id=\"ca1ea70\" data-element_type=\"widget\" data-widget_type=\"heading.default\">\n\t\t\t\t<div class=\"elementor-widget-container\">\n\t\t\t\t\t<h2 class=\"elementor-heading-title elementor-size-default\">Zkou\u0161ka na trval\u00fd pobyt - Jak na \u00falohu \u010d\u00edslo 5<\/h2>\t\t\t\t<\/div>\n\t\t\t\t<\/div>\n\t\t\t\t\t<\/div>\n\t\t\t\t<\/div>\n\t\t<div class=\"elementor-element elementor-element-5660a3f e-grid e-con-boxed e-con e-parent\" data-id=\"5660a3f\" data-element_type=\"container\">\n\t\t\t\t\t<div class=\"e-con-inner\">\n\t\t\t\t<div class=\"elementor-element elementor-element-47e412a elementor-widget elementor-widget-image\" data-id=\"47e412a\" data-element_type=\"widget\" data-widget_type=\"image.default\">\n\t\t\t\t<div class=\"elementor-widget-container\">\n\t\t\t\t\t\t\t\t\t\t\t\t\t\t\t<img decoding=\"async\" width=\"212\" height=\"300\" src=\"https:\/\/liveandlearnczech.cz\/wp-content\/uploads\/2025\/11\/jak-na-ulohu-cislo-5-212x300.png\" class=\"attachment-medium size-medium wp-image-2053\" alt=\"\" srcset=\"https:\/\/liveandlearnczech.cz\/wp-content\/uploads\/2025\/11\/jak-na-ulohu-cislo-5-212x300.png 212w, https:\/\/liveandlearnczech.cz\/wp-content\/uploads\/2025\/11\/jak-na-ulohu-cislo-5-722x1024.png 722w, https:\/\/liveandlearnczech.cz\/wp-content\/uploads\/2025\/11\/jak-na-ulohu-cislo-5-8x12.png 8w, https:\/\/liveandlearnczech.cz\/wp-content\/uploads\/2025\/11\/jak-na-ulohu-cislo-5.png 740w\" sizes=\"(max-width: 212px) 100vw, 212px\" \/>\t\t\t\t\t\t\t\t\t\t\t\t\t\t\t<\/div>\n\t\t\t\t<\/div>\n\t\t\t\t<div class=\"elementor-element elementor-element-b810a92 elementor-widget elementor-widget-text-editor\" data-id=\"b810a92\" data-element_type=\"widget\" data-widget_type=\"text-editor.default\">\n\t\t\t\t<div class=\"elementor-widget-container\">\n\t\t\t\t\t\t\t\t\t<p class=\"cvGsUA direction-ltr align-justify para-style-body\"><span class=\"a_GcMg font-feature-liga-off font-feature-clig-off font-feature-calt-off text-decoration-none text-strikethrough-none\">Co v e-booku najdete? P\u0159ehled o \u010desk\u00e9 abeced\u011b a n\u00e1cvik jej\u00edho hl\u00e1skov\u00e1n\u00ed. Hlavn\u011b ale <strong>20 poslechov\u00fdch cvi\u010den\u00ed s pracovn\u00edm listem<\/strong>. V z\u00e1v\u011bru je kl\u00ed\u010d ke v\u0161em cvi\u010den\u00edm, transkripty text\u016f a tak\u00e9 p\u0159ehled \u010dast\u00fdch chyb, kter\u00fdch se studenti dopou\u0161t\u011bj\u00ed.<\/span><\/p><p class=\"cvGsUA direction-ltr align-justify para-style-body\"><span class=\"a_GcMg font-feature-liga-off font-feature-clig-off font-feature-calt-off text-decoration-none text-strikethrough-none\">Budete tr\u00e9novat <strong>situace z ka\u017edodenn\u00edho \u017eivota<\/strong> (nap\u0159. rezervace m\u00edsta v restauraci, telefon\u00e1t k l\u00e9ka\u0159i apod.), kter\u00e9 jsou \u010dasto taky <strong>ve zkou\u010dce k trval\u00e9mu pobytu<\/strong>. Bohu\u017eel chyb\u00ed bohat\u0161\u00ed ofici\u00e1ln\u00ed materi\u00e1ly.<\/span><\/p><p>\u00a0<\/p><p>E-book dostanete po p\u0159ips\u00e1n\u00ed platby na \u00fa\u010det (obvykle druh\u00fd den). Zat\u00edm se m\u016f\u017eete pod\u00edvat na uk\u00e1zku zdarma!<\/p>\t\t\t\t\t\t\t\t<\/div>\n\t\t\t\t<\/div>\n\t\t\t\t\t<\/div>\n\t\t\t\t<\/div>\n\t\t<div class=\"elementor-element elementor-element-526e087 e-flex e-con-boxed e-con e-parent\" data-id=\"526e087\" data-element_type=\"container\">\n\t\t\t\t\t<div class=\"e-con-inner\">\n\t\t\t\t<div class=\"elementor-element elementor-element-33ee8c3 elementor-widget elementor-widget-html\" data-id=\"33ee8c3\" data-element_type=\"widget\" data-widget_type=\"html.default\">\n\t\t\t\t<div class=\"elementor-widget-container\">\n\t\t\t\t\t<a style=\"display: inline-block; cursor: pointer; font-family: Arial, serif; font-size: 24px; font-weight: bold; padding: 10px 30px; text-decoration: none; background-color: rgb(166, 77, 121); border-radius: 6px; color: rgb(255, 255, 255);\" href=\"https:\/\/form.simpleshop.cz\/gNlQw\/buy\/\">Chci se pod\u00edvat<\/a>\t\t\t\t<\/div>\n\t\t\t\t<\/div>\n\t\t\t\t\t<\/div>\n\t\t\t\t<\/div>\n\t\t<div class=\"elementor-element elementor-element-b6292f4 e-flex e-con-boxed e-con e-parent\" data-id=\"b6292f4\" data-element_type=\"container\">\n\t\t\t\t\t<div class=\"e-con-inner\">\n\t\t\t\t<div class=\"elementor-element elementor-element-8947fe2 elementor-widget elementor-widget-html\" data-id=\"8947fe2\" data-element_type=\"widget\" data-widget_type=\"html.default\">\n\t\t\t\t<div class=\"elementor-widget-container\">\n\t\t\t\t\t<!-- www.SimpleShop.cz form#133603 start -->\r\n<div data-SimpleShopForm=\"WrjWp\"><div>Prodejn\u00ed formul\u00e1\u0159 je vytvo\u0159en v syst\u00e9mu <a href=\"https:\/\/www.simpleshop.cz\/?utm_source=simpleshop&utm_medium=form&utm_campaign=75638\" target=\"_blank\">SimpleShop.cz<\/a>.<\/div><\/div>\r\n<script>\r\n (function(i, s, o, g, r, a, m){\r\n  i[r] = i[r] || function(){\r\n   (i[r].q = i[r].q || []).push(arguments)\r\n  }, i[r].l = 1 * new Date();\r\n  a = s.createElement(o),\r\n  m = s.getElementsByTagName(o)[0];\r\n  a.async = 1;\r\n  a.src = g;\r\n  m.parentNode.insertBefore(a, m)\r\n })(window, document, \"script\", \"https:\/\/form.simpleshop.cz\/prj\/js\/SimpleShopService.js\", \"sss\");\r\n sss(\"createForm\", \"WrjWp\");\r\n<\/script>\r\n<!-- www.SimpleShop.cz form#133603 end -->\t\t\t\t<\/div>\n\t\t\t\t<\/div>\n\t\t\t\t\t<\/div>\n\t\t\t\t<\/div>\n\t\t\t\t<\/div>\n\t\t","protected":false},"excerpt":{"rendered":"<p>U\u010d\u00edte se \u010de\u0161tinu pro radost? St\u00e1hn\u011bte si na\u0161e my\u0161lenkov\u00e9 mapy! E-book je zdarma a m\u016f\u017eete v n\u011bm tr\u00e9novat, jak mluv\u00edme o voln\u00e9m \u010dase.U\u010d\u00edte se na zkou\u0161ku na trval\u00fd pobyt? St\u00e1hn\u011bte si e-book, kter\u00fd v\u00e1m pom\u016f\u017ee p\u0159ipravit se na \u00falohu \u010d\u00edslo 5. Budeme hl\u00e1skovat (spr\u00e1vn\u011b ps\u00e1t) a hledat detaily v audiu. U\u010dte se \u010de\u0161tinu hrav\u011b &#8211; [&hellip;]<\/p>\n","protected":false},"author":1,"featured_media":0,"parent":0,"menu_order":0,"comment_status":"closed","ping_status":"closed","template":"","meta":{"site-sidebar-layout":"no-sidebar","site-content-layout":"page-builder","ast-site-content-layout":"full-width-container","site-content-style":"default","site-sidebar-style":"default","ast-global-header-display":"","ast-banner-title-visibility":"","ast-main-header-display":"","ast-hfb-above-header-display":"","ast-hfb-below-header-display":"","ast-hfb-mobile-header-display":"","site-post-title":"disabled","ast-breadcrumbs-content":"","ast-featured-img":"disabled","footer-sml-layout":"","theme-transparent-header-meta":"","adv-header-id-meta":"","stick-header-meta":"","header-above-stick-meta":"","header-main-stick-meta":"","header-below-stick-meta":"","astra-migrate-meta-layouts":"set","ast-page-background-enabled":"default","ast-page-background-meta":{"desktop":{"background-color":"var(--ast-global-color-4)","background-image":"","background-repeat":"repeat","background-position":"center center","background-size":"auto","background-attachment":"scroll","background-type":"","background-media":"","overlay-type":"","overlay-color":"","overlay-opacity":"","overlay-gradient":""},"tablet":{"background-color":"","background-image":"","background-repeat":"repeat","background-position":"center center","background-size":"auto","background-attachment":"scroll","background-type":"","background-media":"","overlay-type":"","overlay-color":"","overlay-opacity":"","overlay-gradient":""},"mobile":{"background-color":"","background-image":"","background-repeat":"repeat","background-position":"center center","background-size":"auto","background-attachment":"scroll","background-type":"","background-media":"","overlay-type":"","overlay-color":"","overlay-opacity":"","overlay-gradient":""}},"ast-content-background-meta":{"desktop":{"background-color":"var(--ast-global-color-5)","background-image":"","background-repeat":"repeat","background-position":"center center","background-size":"auto","background-attachment":"scroll","background-type":"","background-media":"","overlay-type":"","overlay-color":"","overlay-opacity":"","overlay-gradient":""},"tablet":{"background-color":"var(--ast-global-color-5)","background-image":"","background-repeat":"repeat","background-position":"center center","background-size":"auto","background-attachment":"scroll","background-type":"","background-media":"","overlay-type":"","overlay-color":"","overlay-opacity":"","overlay-gradient":""},"mobile":{"background-color":"var(--ast-global-color-5)","background-image":"","background-repeat":"repeat","background-position":"center center","background-size":"auto","background-attachment":"scroll","background-type":"","background-media":"","overlay-type":"","overlay-color":"","overlay-opacity":"","overlay-gradient":""}},"footnotes":""},"class_list":["post-2045","page","type-page","status-publish","hentry"],"_links":{"self":[{"href":"https:\/\/liveandlearnczech.cz\/en\/wp-json\/wp\/v2\/pages\/2045","targetHints":{"allow":["GET"]}}],"collection":[{"href":"https:\/\/liveandlearnczech.cz\/en\/wp-json\/wp\/v2\/pages"}],"about":[{"href":"https:\/\/liveandlearnczech.cz\/en\/wp-json\/wp\/v2\/types\/page"}],"author":[{"embeddable":true,"href":"https:\/\/liveandlearnczech.cz\/en\/wp-json\/wp\/v2\/users\/1"}],"replies":[{"embeddable":true,"href":"https:\/\/liveandlearnczech.cz\/en\/wp-json\/wp\/v2\/comments?post=2045"}],"version-history":[{"count":37,"href":"https:\/\/liveandlearnczech.cz\/en\/wp-json\/wp\/v2\/pages\/2045\/revisions"}],"predecessor-version":[{"id":2133,"href":"https:\/\/liveandlearnczech.cz\/en\/wp-json\/wp\/v2\/pages\/2045\/revisions\/2133"}],"wp:attachment":[{"href":"https:\/\/liveandlearnczech.cz\/en\/wp-json\/wp\/v2\/media?parent=2045"}],"curies":[{"name":"wp","href":"https:\/\/api.w.org\/{rel}","templated":true}]}}