{"id":2154,"date":"2026-03-15T18:35:46","date_gmt":"2026-03-15T18:35:46","guid":{"rendered":"https:\/\/liveandlearnczech.cz\/?page_id=2154"},"modified":"2026-03-28T07:53:57","modified_gmt":"2026-03-28T07:53:57","slug":"tutoring","status":"publish","type":"page","link":"https:\/\/liveandlearnczech.cz\/en\/tutoring\/","title":{"rendered":"Tutoring"},"content":{"rendered":"<div data-elementor-type=\"wp-page\" data-elementor-id=\"2154\" class=\"elementor elementor-2154\">\n\t\t\t\t<div class=\"elementor-element elementor-element-efe9c94 e-flex e-con-boxed e-con e-parent\" data-id=\"efe9c94\" data-element_type=\"container\">\n\t\t\t\t\t<div class=\"e-con-inner\">\n\t\t\t\t<div class=\"elementor-element elementor-element-74dba41 elementor-widget elementor-widget-heading\" data-id=\"74dba41\" data-element_type=\"widget\" data-widget_type=\"heading.default\">\n\t\t\t\t<div class=\"elementor-widget-container\">\n\t\t\t\t\t<h2 class=\"elementor-heading-title elementor-size-default\">Tutoring<\/h2>\t\t\t\t<\/div>\n\t\t\t\t<\/div>\n\t\t\t\t\t<\/div>\n\t\t\t\t<\/div>\n\t\t<div class=\"elementor-element elementor-element-d82cdf2 e-flex e-con-boxed e-con e-parent\" data-id=\"d82cdf2\" data-element_type=\"container\">\n\t\t\t\t\t<div class=\"e-con-inner\">\n\t\t\t\t<div class=\"elementor-element elementor-element-4a95a1e elementor-widget elementor-widget-text-editor\" data-id=\"4a95a1e\" data-element_type=\"widget\" data-widget_type=\"text-editor.default\">\n\t\t\t\t<div class=\"elementor-widget-container\">\n\t\t\t\t\t\t\t\t\t<p class=\"translation-block\">Do you want to learn Czech but don't have enough time? Try language tutoring! Study with a tutor supporting you. Each week you will receive <b>2-3 hours worth of material<\/b>, feedback and support plus a <b>short conversation with your tutor every two weeks<\/b>.<\/p>\t\t\t\t\t\t\t\t<\/div>\n\t\t\t\t<\/div>\n\t\t\t\t\t<\/div>\n\t\t\t\t<\/div>\n\t\t<div class=\"elementor-element elementor-element-deccad7 e-flex e-con-boxed e-con e-parent\" data-id=\"deccad7\" data-element_type=\"container\">\n\t\t\t\t\t<div class=\"e-con-inner\">\n\t\t<div class=\"elementor-element elementor-element-ac4303c e-con-full e-flex e-con e-child\" data-id=\"ac4303c\" data-element_type=\"container\">\n\t\t\t\t<div class=\"elementor-element elementor-element-e332317 elementor-widget elementor-widget-text-editor\" data-id=\"e332317\" data-element_type=\"widget\" data-widget_type=\"text-editor.default\">\n\t\t\t\t<div class=\"elementor-widget-container\">\n\t\t\t\t\t\t\t\t\t<p>What will you do in tutoring?<\/p><p class=\"translation-block\">\ud83d\udc49\ud83c\udffb You will study <b>the topics you want<\/b> - we can practice situations at the office, at the doctor's or read Czech books.<\/p><p>\u00a0<\/p><p>When will you study?<\/p><p class=\"translation-block\"><img class=\"emoji\" role=\"img\" src=\"https:\/\/s.w.org\/images\/core\/emoji\/17.0.2\/svg\/1f449-1f3fb.svg\" alt=\"\ud83d\udc49\ud83c\udffb\">\u00a0<strong>Whenever you want!<\/strong> We will send you materials once a week and you can study at home in the morning, in the afternoon in a caf\u00e9 or at night at the airoport.<\/p><p>\u00a0<\/p><p>What does tutoring look like?<\/p><p class=\"translation-block\"><img class=\"emoji\" role=\"img\" src=\"https:\/\/s.w.org\/images\/core\/emoji\/17.0.2\/svg\/1f449-1f3fb.svg\" alt=\"\ud83d\udc49\ud83c\udffb\">You have your class on Google Classroom, where you'll find your assignments and <strong>materials for the entire week<\/strong>. Afterward, you'll receive feedback, <strong>support<\/strong>, and a new topic.<\/p><p>\u00a0<\/p><p>Will I learn everything?<\/p><p class=\"translation-block\"><img class=\"emoji\" role=\"img\" src=\"https:\/\/s.w.org\/images\/core\/emoji\/17.0.2\/svg\/1f449-1f3fb.svg\" alt=\"\ud83d\udc49\ud83c\udffb\">Sure! In tutoring we repeat, practice, <strong>speak<\/strong> and listen.<\/p>\t\t\t\t\t\t\t\t<\/div>\n\t\t\t\t<\/div>\n\t\t\t\t<\/div>\n\t\t<div class=\"elementor-element elementor-element-07ed1b7 e-con-full e-flex e-con e-child\" data-id=\"07ed1b7\" data-element_type=\"container\">\n\t\t\t\t<div class=\"elementor-element elementor-element-3b9e129 elementor-widget elementor-widget-text-editor\" data-id=\"3b9e129\" data-element_type=\"widget\" data-widget_type=\"text-editor.default\">\n\t\t\t\t<div class=\"elementor-widget-container\">\n\t\t\t\t\t\t\t\t\t<p>Is tutoring for me?<\/p><p>\u00a0<\/p><p class=\"translation-block\"><img class=\"emoji\" role=\"img\" src=\"https:\/\/s.w.org\/images\/core\/emoji\/17.0.2\/svg\/2611.svg\" alt=\"\u2611\ufe0f\"> I have <b>A1 level<\/b> in Czech or higher.<\/p><p>\u00a0<\/p><p class=\"translation-block\"><img class=\"emoji\" role=\"img\" src=\"https:\/\/s.w.org\/images\/core\/emoji\/17.0.2\/svg\/2611.svg\" alt=\"\u2611\ufe0f\">\u00a0I know <b>why I want to learn Czech<\/b>.<\/p><p>\u00a0<\/p><p class=\"translation-block\"><img class=\"emoji\" role=\"img\" src=\"https:\/\/s.w.org\/images\/core\/emoji\/17.0.2\/svg\/2611.svg\" alt=\"\u2611\ufe0f\"> Each week, I have at least <b>two hours<\/b> of free time.<\/p><p>\u00a0<\/p><p class=\"translation-block\"><img class=\"emoji\" role=\"img\" src=\"https:\/\/s.w.org\/images\/core\/emoji\/17.0.2\/svg\/2611.svg\" alt=\"\u2611\ufe0f\">\u00a0My <b>schedule is full<\/b> and I don't want to have a fixed lesson time every week.<\/p><p>\u00a0<\/p><p><img decoding=\"async\" class=\"emoji\" role=\"img\" draggable=\"false\" src=\"https:\/\/s.w.org\/images\/core\/emoji\/17.0.2\/svg\/2611.svg\" alt=\"\u2611\ufe0f\" \/>\u00a0I am not afraid of new challenges <img decoding=\"async\" class=\"emoji\" role=\"img\" draggable=\"false\" src=\"https:\/\/s.w.org\/images\/core\/emoji\/17.0.2\/svg\/1f4aa-1f3fb.svg\" alt=\"\ud83d\udcaa\ud83c\udffb\" \/><\/p>\t\t\t\t\t\t\t\t<\/div>\n\t\t\t\t<\/div>\n\t\t\t\t<\/div>\n\t\t\t\t\t<\/div>\n\t\t\t\t<\/div>\n\t\t<div class=\"elementor-element elementor-element-e856582 e-con-full e-flex e-con e-parent\" data-id=\"e856582\" data-element_type=\"container\">\n\t\t\t\t<div class=\"elementor-element elementor-element-36c46b2 elementor-align-center elementor-widget elementor-widget-button\" data-id=\"36c46b2\" data-element_type=\"widget\" data-widget_type=\"button.default\">\n\t\t\t\t<div class=\"elementor-widget-container\">\n\t\t\t\t\t\t\t\t\t<div class=\"elementor-button-wrapper\">\n\t\t\t\t\t<a class=\"elementor-button elementor-button-link elementor-size-sm\" href=\"https:\/\/liveandlearnczech.cz\/en\/kontakt\/\">\n\t\t\t\t\t\t<span class=\"elementor-button-content-wrapper\">\n\t\t\t\t\t\t\t\t\t<span class=\"elementor-button-text\">I WANT TO DO TUTORING<\/span>\n\t\t\t\t\t<\/span>\n\t\t\t\t\t<\/a>\n\t\t\t\t<\/div>\n\t\t\t\t\t\t\t\t<\/div>\n\t\t\t\t<\/div>\n\t\t\t\t<\/div>\n\t\t<div class=\"elementor-element elementor-element-1fc271b e-flex e-con-boxed e-con e-parent\" data-id=\"1fc271b\" data-element_type=\"container\">\n\t\t\t\t\t<div class=\"e-con-inner\">\n\t\t<div class=\"elementor-element elementor-element-d7e3476 e-con-full e-flex e-con e-child\" data-id=\"d7e3476\" data-element_type=\"container\">\n\t\t\t\t<div class=\"elementor-element elementor-element-0684cb3 elementor-widget elementor-widget-image\" data-id=\"0684cb3\" data-element_type=\"widget\" data-widget_type=\"image.default\">\n\t\t\t\t<div class=\"elementor-widget-container\">\n\t\t\t\t\t\t\t\t\t\t\t\t\t\t\t<img fetchpriority=\"high\" decoding=\"async\" width=\"1024\" height=\"1024\" src=\"https:\/\/liveandlearnczech.cz\/wp-content\/uploads\/2026\/03\/kurz-tutoring-1024x1024.png\" class=\"attachment-large size-large wp-image-2181\" alt=\"\" srcset=\"https:\/\/liveandlearnczech.cz\/wp-content\/uploads\/2026\/03\/kurz-tutoring-1024x1024.png 1024w, https:\/\/liveandlearnczech.cz\/wp-content\/uploads\/2026\/03\/kurz-tutoring-300x300.png 300w, https:\/\/liveandlearnczech.cz\/wp-content\/uploads\/2026\/03\/kurz-tutoring-150x150.png 150w, https:\/\/liveandlearnczech.cz\/wp-content\/uploads\/2026\/03\/kurz-tutoring-768x768.png 768w, https:\/\/liveandlearnczech.cz\/wp-content\/uploads\/2026\/03\/kurz-tutoring-12x12.png 12w, https:\/\/liveandlearnczech.cz\/wp-content\/uploads\/2026\/03\/kurz-tutoring.png 1080w\" sizes=\"(max-width: 1024px) 100vw, 1024px\" \/>\t\t\t\t\t\t\t\t\t\t\t\t\t\t\t<\/div>\n\t\t\t\t<\/div>\n\t\t\t\t<\/div>\n\t\t<div class=\"elementor-element elementor-element-d02e08b e-con-full e-flex e-con e-child\" data-id=\"d02e08b\" data-element_type=\"container\">\n\t\t\t\t<div class=\"elementor-element elementor-element-e730aa3 elementor-widget elementor-widget-image\" data-id=\"e730aa3\" data-element_type=\"widget\" data-widget_type=\"image.default\">\n\t\t\t\t<div class=\"elementor-widget-container\">\n\t\t\t\t\t\t\t\t\t\t\t\t\t\t\t<img decoding=\"async\" width=\"1024\" height=\"683\" src=\"https:\/\/liveandlearnczech.cz\/wp-content\/uploads\/2025\/06\/CafeTogether1-2-1-1024x683.webp\" class=\"attachment-large size-large wp-image-1960\" alt=\"\" srcset=\"https:\/\/liveandlearnczech.cz\/wp-content\/uploads\/2025\/06\/CafeTogether1-2-1-1024x683.webp 1024w, https:\/\/liveandlearnczech.cz\/wp-content\/uploads\/2025\/06\/CafeTogether1-2-1-300x200.webp 300w, https:\/\/liveandlearnczech.cz\/wp-content\/uploads\/2025\/06\/CafeTogether1-2-1-768x512.webp 768w, https:\/\/liveandlearnczech.cz\/wp-content\/uploads\/2025\/06\/CafeTogether1-2-1-1536x1024.webp 1536w, https:\/\/liveandlearnczech.cz\/wp-content\/uploads\/2025\/06\/CafeTogether1-2-1.webp 1920w\" sizes=\"(max-width: 1024px) 100vw, 1024px\" \/>\t\t\t\t\t\t\t\t\t\t\t\t\t\t\t<\/div>\n\t\t\t\t<\/div>\n\t\t\t\t<\/div>\n\t\t\t\t\t<\/div>\n\t\t\t\t<\/div>\n\t\t\t\t<section class=\"elementor-section elementor-top-section elementor-element elementor-element-5f4dcbbc elementor-section-boxed elementor-section-height-default elementor-section-height-default\" data-id=\"5f4dcbbc\" data-element_type=\"section\" data-settings=\"{&quot;background_background&quot;:&quot;classic&quot;}\">\n\t\t\t\t\t\t<div class=\"elementor-container elementor-column-gap-no\">\n\t\t\t\t\t<div class=\"elementor-column elementor-col-100 elementor-top-column elementor-element elementor-element-55152baa\" data-id=\"55152baa\" data-element_type=\"column\">\n\t\t\t<div class=\"elementor-widget-wrap elementor-element-populated\">\n\t\t\t\t\t\t<div class=\"elementor-element elementor-element-5df436c9 elementor-widget elementor-widget-heading\" data-id=\"5df436c9\" data-element_type=\"widget\" data-widget_type=\"heading.default\">\n\t\t\t\t<div class=\"elementor-widget-container\">\n\t\t\t\t\t<h3 class=\"elementor-heading-title elementor-size-default\">What do the students have to say about it?<\/h3>\t\t\t\t<\/div>\n\t\t\t\t<\/div>\n\t\t\t\t<div class=\"elementor-element elementor-element-65d82782 elementor-position-left elementor-widget__width-initial elementor-widget-tablet__width-initial elementor-widget-mobile__width-inherit elementor-vertical-align-top elementor-widget elementor-widget-image-box\" data-id=\"65d82782\" data-element_type=\"widget\" data-widget_type=\"image-box.default\">\n\t\t\t\t<div class=\"elementor-widget-container\">\n\t\t\t\t\t<div class=\"elementor-image-box-wrapper\"><figure class=\"elementor-image-box-img\"><img decoding=\"async\" src=\"http:\/\/liveandlearnczech.cz\/wp-content\/uploads\/2025\/06\/testimonial-1.jpg\" title=\"\" alt=\"\" loading=\"lazy\" \/><\/figure><div class=\"elementor-image-box-content\"><p class=\"elementor-image-box-title translation-block\">I wanted to learn Czech but I didn\u2019t have time for regular weekly lessons. The tutoring option was the perfect solution. I study whenever I have time and then every two weeks we have a short meeting where we go through my questions and practise speaking.\n\nIt\u2019s a great combination of independent learning and personal guidance.<\/p><p class=\"elementor-image-box-description\">Daniel - USA<\/p><\/div><\/div>\t\t\t\t<\/div>\n\t\t\t\t<\/div>\n\t\t\t\t<div class=\"elementor-element elementor-element-2d8ef4fb elementor-position-left elementor-widget__width-initial elementor-widget-tablet__width-initial elementor-widget-mobile__width-inherit elementor-vertical-align-top elementor-widget elementor-widget-image-box\" data-id=\"2d8ef4fb\" data-element_type=\"widget\" data-widget_type=\"image-box.default\">\n\t\t\t\t<div class=\"elementor-widget-container\">\n\t\t\t\t\t<div class=\"elementor-image-box-wrapper\"><figure class=\"elementor-image-box-img\"><img decoding=\"async\" src=\"http:\/\/liveandlearnczech.cz\/wp-content\/uploads\/2025\/06\/testimonial-3.jpg\" title=\"\" alt=\"\" loading=\"lazy\" \/><\/figure><div class=\"elementor-image-box-content\"><p class=\"elementor-image-box-title\">Tutoring is perfect if you want flexibility. I can study when it suits me and still get feedback and guidance from a teacher every two weeks. It keeps me motivated and makes self-study much easier.<\/p><p class=\"elementor-image-box-description\">Brittany Foxx<\/p><\/div><\/div>\t\t\t\t<\/div>\n\t\t\t\t<\/div>\n\t\t\t\t\t<\/div>\n\t\t<\/div>\n\t\t\t\t\t<\/div>\n\t\t<\/section>\n\t\t\t\t<\/div>","protected":false},"excerpt":{"rendered":"<p>Tutoring Chcete se u\u010dit \u010desky, ale nem\u00e1te \u010das? Zkuste jazykov\u00fd tutoring! Je to samostudium s lektorkou za z\u00e1dy \u2013 ka\u017ed\u00fd t\u00fdden dostanete\u00a0materi\u00e1ly na 2-3 hodiny, zp\u011btnou vazbu, podporu a\u00a0ka\u017ed\u00e9 dva t\u00fddny kr\u00e1tkou konverzaci. Co budete v tutoringu d\u011blat? Budete studovat t\u00e9mata, kter\u00e1 chcete &#8211; m\u016f\u017eeme tr\u00e9novat situace na \u00fa\u0159ad\u011b, u doktora nebo \u010d\u00edst \u010desk\u00e9 knihy. [&hellip;]<\/p>\n","protected":false},"author":1,"featured_media":0,"parent":0,"menu_order":0,"comment_status":"closed","ping_status":"closed","template":"","meta":{"site-sidebar-layout":"no-sidebar","site-content-layout":"page-builder","ast-site-content-layout":"full-width-container","site-content-style":"default","site-sidebar-style":"default","ast-global-header-display":"","ast-banner-title-visibility":"","ast-main-header-display":"","ast-hfb-above-header-display":"","ast-hfb-below-header-display":"","ast-hfb-mobile-header-display":"","site-post-title":"disabled","ast-breadcrumbs-content":"","ast-featured-img":"disabled","footer-sml-layout":"","theme-transparent-header-meta":"","adv-header-id-meta":"","stick-header-meta":"","header-above-stick-meta":"","header-main-stick-meta":"","header-below-stick-meta":"","astra-migrate-meta-layouts":"set","ast-page-background-enabled":"default","ast-page-background-meta":{"desktop":{"background-color":"var(--ast-global-color-4)","background-image":"","background-repeat":"repeat","background-position":"center center","background-size":"auto","background-attachment":"scroll","background-type":"","background-media":"","overlay-type":"","overlay-color":"","overlay-opacity":"","overlay-gradient":""},"tablet":{"background-color":"","background-image":"","background-repeat":"repeat","background-position":"center center","background-size":"auto","background-attachment":"scroll","background-type":"","background-media":"","overlay-type":"","overlay-color":"","overlay-opacity":"","overlay-gradient":""},"mobile":{"background-color":"","background-image":"","background-repeat":"repeat","background-position":"center center","background-size":"auto","background-attachment":"scroll","background-type":"","background-media":"","overlay-type":"","overlay-color":"","overlay-opacity":"","overlay-gradient":""}},"ast-content-background-meta":{"desktop":{"background-color":"var(--ast-global-color-5)","background-image":"","background-repeat":"repeat","background-position":"center center","background-size":"auto","background-attachment":"scroll","background-type":"","background-media":"","overlay-type":"","overlay-color":"","overlay-opacity":"","overlay-gradient":""},"tablet":{"background-color":"var(--ast-global-color-5)","background-image":"","background-repeat":"repeat","background-position":"center center","background-size":"auto","background-attachment":"scroll","background-type":"","background-media":"","overlay-type":"","overlay-color":"","overlay-opacity":"","overlay-gradient":""},"mobile":{"background-color":"var(--ast-global-color-5)","background-image":"","background-repeat":"repeat","background-position":"center center","background-size":"auto","background-attachment":"scroll","background-type":"","background-media":"","overlay-type":"","overlay-color":"","overlay-opacity":"","overlay-gradient":""}},"footnotes":""},"class_list":["post-2154","page","type-page","status-publish","hentry"],"_links":{"self":[{"href":"https:\/\/liveandlearnczech.cz\/en\/wp-json\/wp\/v2\/pages\/2154","targetHints":{"allow":["GET"]}}],"collection":[{"href":"https:\/\/liveandlearnczech.cz\/en\/wp-json\/wp\/v2\/pages"}],"about":[{"href":"https:\/\/liveandlearnczech.cz\/en\/wp-json\/wp\/v2\/types\/page"}],"author":[{"embeddable":true,"href":"https:\/\/liveandlearnczech.cz\/en\/wp-json\/wp\/v2\/users\/1"}],"replies":[{"embeddable":true,"href":"https:\/\/liveandlearnczech.cz\/en\/wp-json\/wp\/v2\/comments?post=2154"}],"version-history":[{"count":74,"href":"https:\/\/liveandlearnczech.cz\/en\/wp-json\/wp\/v2\/pages\/2154\/revisions"}],"predecessor-version":[{"id":2265,"href":"https:\/\/liveandlearnczech.cz\/en\/wp-json\/wp\/v2\/pages\/2154\/revisions\/2265"}],"wp:attachment":[{"href":"https:\/\/liveandlearnczech.cz\/en\/wp-json\/wp\/v2\/media?parent=2154"}],"curies":[{"name":"wp","href":"https:\/\/api.w.org\/{rel}","templated":true}]}}